{"id":7095,"date":"2022-04-03T21:30:14","date_gmt":"2022-04-03T21:30:14","guid":{"rendered":"https:\/\/www.patiodagraca.pt\/contacts\/"},"modified":"2024-02-12T13:53:48","modified_gmt":"2024-02-12T13:53:48","slug":"contacts","status":"publish","type":"page","link":"https:\/\/www.patiodagraca.pt\/en\/contacts\/","title":{"rendered":"Contacts"},"content":{"rendered":"[vc_row type=&#8221;full_width_content&#8221; full_screen_row_position=&#8221;middle&#8221; column_margin=&#8221;default&#8221; equal_height=&#8221;yes&#8221; column_direction=&#8221;default&#8221; column_direction_tablet=&#8221;default&#8221; column_direction_phone=&#8221;default&#8221; bg_color=&#8221;#ffffff&#8221; bg_image=&#8221;6226&#8243; bg_position=&#8221;right center&#8221; background_image_loading=&#8221;default&#8221; bg_repeat=&#8221;no-repeat&#8221; scene_position=&#8221;center&#8221; text_color=&#8221;dark&#8221; text_align=&#8221;left&#8221; row_border_radius=&#8221;none&#8221; row_border_radius_applies=&#8221;bg&#8221; overflow=&#8221;visible&#8221; advanced_gradient_angle=&#8221;0&#8243; overlay_strength=&#8221;0.3&#8243; gradient_direction=&#8221;left_to_right&#8221; shape_divider_position=&#8221;bottom&#8221; bg_image_animation=&#8221;none&#8221; gradient_type=&#8221;default&#8221; shape_type=&#8221;&#8221;][vc_column column_padding=&#8221;no-extra-padding&#8221; column_padding_tablet=&#8221;inherit&#8221; column_padding_phone=&#8221;inherit&#8221; column_padding_position=&#8221;all&#8221; column_element_direction_desktop=&#8221;default&#8221; column_element_spacing=&#8221;default&#8221; desktop_text_alignment=&#8221;default&#8221; tablet_text_alignment=&#8221;default&#8221; phone_text_alignment=&#8221;default&#8221; background_color_opacity=&#8221;1&#8243; background_hover_color_opacity=&#8221;1&#8243; column_backdrop_filter=&#8221;none&#8221; column_shadow=&#8221;none&#8221; column_border_radius=&#8221;none&#8221; column_link_target=&#8221;_self&#8221; column_position=&#8221;default&#8221; gradient_direction=&#8221;left_to_right&#8221; overlay_strength=&#8221;0.3&#8243; width=&#8221;1\/2&#8243; tablet_width_inherit=&#8221;default&#8221; animation_type=&#8221;default&#8221; bg_image_animation=&#8221;none&#8221; border_type=&#8221;simple&#8221; column_border_width=&#8221;none&#8221; column_border_style=&#8221;solid&#8221;][nectar_gmap map_type=&#8221;google&#8221; zoom=&#8221;16&#8243; enable_zoom=&#8221;1&#8243; marker_style=&#8221;nectar&#8221; nectar_marker_color=&#8221;accent-color&#8221; marker_animation=&#8221;1&#8243; size=&#8221;800&#8243; map_center_lat=&#8221;39.23522233502996&#8243; map_center_lng=&#8221;-8.680900883855887&#8243; map_markers=&#8221;39.23522233502996|-8.680900883855887&#8243;][\/vc_column][vc_column column_padding=&#8221;padding-7-percent&#8221; column_padding_tablet=&#8221;inherit&#8221; column_padding_phone=&#8221;inherit&#8221; column_padding_position=&#8221;all&#8221; column_element_direction_desktop=&#8221;default&#8221; column_element_spacing=&#8221;default&#8221; desktop_text_alignment=&#8221;default&#8221; tablet_text_alignment=&#8221;default&#8221; phone_text_alignment=&#8221;default&#8221; background_color_opacity=&#8221;1&#8243; background_hover_color_opacity=&#8221;1&#8243; column_backdrop_filter=&#8221;none&#8221; column_shadow=&#8221;none&#8221; column_border_radius=&#8221;none&#8221; column_link_target=&#8221;_self&#8221; column_position=&#8221;default&#8221; gradient_direction=&#8221;left_to_right&#8221; overlay_strength=&#8221;0.3&#8243; width=&#8221;1\/2&#8243; tablet_width_inherit=&#8221;default&#8221; animation_type=&#8221;default&#8221; bg_image_animation=&#8221;none&#8221; border_type=&#8221;simple&#8221; column_border_width=&#8221;none&#8221; column_border_style=&#8221;solid&#8221;][vc_column_text text_direction=&#8221;default&#8221;]\n<h3>Where are we?<\/h3>\n<p>P\u00e1tio da Gra\u00e7a is the restaurant located in the heart of the courtyard that connects the renovated historic buildings of Villa Gra\u00e7a \u2013 Hostels &amp; Apartments.<\/p>\n<p>&nbsp;<\/p>\n<h5>P\u00e1tio da Gra\u00e7a<\/h5>\n<p>Rua 1\u00ba de Dezembro, n\u00ba 7<br \/>\n2000-096 Santar\u00e9m<br \/>\nPortugal<\/p>\n<p><a href=\"mailto:reservas@patiodagraca.pt\">reservas@patiodagraca.pt<\/a><\/p>\n<p><a href=\"tel:+351967901270\">+351 967 901 270<\/a> <small>Call to Portuguese mobile network<\/small><\/p>\n<p>&nbsp;<\/p>\n<p><strong>Opening hours<\/strong><\/p>\n<p>12.00 pm to 03:00 pm and from 07:00 pm to 12:00 am<br \/>\n<strong><em>Open all week.<\/em><\/strong>[\/vc_column_text][divider line_type=&#8221;No Line&#8221; custom_height=&#8221;10&#8243;][nectar_btn size=&#8221;jumbo&#8221; open_new_tab=&#8221;true&#8221; button_style=&#8221;regular-tilt&#8221; button_color=&#8221;Accent-Color&#8221; icon_family=&#8221;fontawesome&#8221; text=&#8221;HOW TO GET TO THE PATIO?&#8221; url=&#8221;https:\/\/www.google.pt\/maps\/dir\/\/P%C3%A1tio+da+Gra%C3%A7a,+R.+Primeiro+de+Dezembro+n.%C2%BA7,+2000-096+Santar%C3%A9m\/@39.2352231,-8.6830873,17z\/data=!4m9!4m8!1m0!1m5!1m1!1s0xd18ef97348d166b:0x4d29ad669da601bc!2m2!1d-8.6808986!2d39.235219!3e0&#8243; css_animation=&#8221;fadeInRight&#8221; icon_fontawesome=&#8221;fa fa-map-signs&#8221;][\/vc_column][\/vc_row]\n","protected":false},"excerpt":{"rendered":"<p>[vc_row type=&#8221;full_width_content&#8221; full_screen_row_position=&#8221;middle&#8221; column_margin=&#8221;default&#8221; equal_height=&#8221;yes&#8221; column_direction=&#8221;default&#8221; column_direction_tablet=&#8221;default&#8221; column_direction_phone=&#8221;default&#8221; bg_color=&#8221;#ffffff&#8221; bg_image=&#8221;6226&#8243; bg_position=&#8221;right center&#8221; background_image_loading=&#8221;default&#8221; bg_repeat=&#8221;no-repeat&#8221; scene_position=&#8221;center&#8221; text_color=&#8221;dark&#8221; text_align=&#8221;left&#8221; row_border_radius=&#8221;none&#8221; row_border_radius_applies=&#8221;bg&#8221; overflow=&#8221;visible&#8221; advanced_gradient_angle=&#8221;0&#8243; overlay_strength=&#8221;0.3&#8243; gradient_direction=&#8221;left_to_right&#8221; shape_divider_position=&#8221;bottom&#8221; bg_image_animation=&#8221;none&#8221; gradient_type=&#8221;default&#8221; shape_type=&#8221;&#8221;][vc_column column_padding=&#8221;no-extra-padding&#8221; column_padding_tablet=&#8221;inherit&#8221; column_padding_phone=&#8221;inherit&#8221;&#8230;<\/p>\n","protected":false},"author":1,"featured_media":0,"parent":0,"menu_order":0,"comment_status":"closed","ping_status":"closed","template":"","meta":{"inline_featured_image":false,"footnotes":""},"class_list":["post-7095","page","type-page","status-publish"],"_links":{"self":[{"href":"https:\/\/www.patiodagraca.pt\/en\/wp-json\/wp\/v2\/pages\/7095","targetHints":{"allow":["GET"]}}],"collection":[{"href":"https:\/\/www.patiodagraca.pt\/en\/wp-json\/wp\/v2\/pages"}],"about":[{"href":"https:\/\/www.patiodagraca.pt\/en\/wp-json\/wp\/v2\/types\/page"}],"author":[{"embeddable":true,"href":"https:\/\/www.patiodagraca.pt\/en\/wp-json\/wp\/v2\/users\/1"}],"replies":[{"embeddable":true,"href":"https:\/\/www.patiodagraca.pt\/en\/wp-json\/wp\/v2\/comments?post=7095"}],"version-history":[{"count":16,"href":"https:\/\/www.patiodagraca.pt\/en\/wp-json\/wp\/v2\/pages\/7095\/revisions"}],"predecessor-version":[{"id":7446,"href":"https:\/\/www.patiodagraca.pt\/en\/wp-json\/wp\/v2\/pages\/7095\/revisions\/7446"}],"wp:attachment":[{"href":"https:\/\/www.patiodagraca.pt\/en\/wp-json\/wp\/v2\/media?parent=7095"}],"curies":[{"name":"wp","href":"https:\/\/api.w.org\/{rel}","templated":true}]}}